{"id":439,"date":"2025-06-20T15:23:29","date_gmt":"2025-06-20T18:23:29","guid":{"rendered":"https:\/\/konntech.com.br\/?page_id=439"},"modified":"2025-08-25T16:38:51","modified_gmt":"2025-08-25T19:38:51","slug":"inicial","status":"publish","type":"page","link":"https:\/\/konntech.com.br\/","title":{"rendered":"Inicial"},"content":{"rendered":"\t\t<div data-elementor-type=\"wp-page\" data-elementor-id=\"439\" class=\"elementor elementor-439\" data-elementor-post-type=\"page\">\n\t\t\t\t<div class=\"elementor-element elementor-element-6445b19 e-con-full e-flex e-con e-parent\" data-id=\"6445b19\" data-element_type=\"container\" data-settings=\"{&quot;background_background&quot;:&quot;video&quot;,&quot;background_video_link&quot;:&quot;https:\\\/\\\/youtu.be\\\/_bmEfTNgtbA&quot;}\">\n\t\t<div class=\"elementor-background-video-container elementor-hidden-mobile\" aria-hidden=\"true\">\n\t\t\t\t\t\t\t<div class=\"elementor-background-video-embed\"><\/div>\n\t\t\t\t\t\t<\/div>\t\t<\/div>\n\t\t<div class=\"elementor-element elementor-element-1184ef3 e-con-full e-flex e-con e-parent\" data-id=\"1184ef3\" data-element_type=\"container\">\n\t\t\t\t<div class=\"elementor-element elementor-element-fe8326c elementor-widget elementor-widget-button\" data-id=\"fe8326c\" data-element_type=\"widget\" data-widget_type=\"button.default\">\n\t\t\t\t<div class=\"elementor-widget-container\">\n\t\t\t\t\t\t\t\t\t<div class=\"elementor-button-wrapper\">\n\t\t\t\t\t<a class=\"elementor-button elementor-button-link elementor-size-sm\" href=\"#sobre\">\n\t\t\t\t\t\t<span class=\"elementor-button-content-wrapper\">\n\t\t\t\t\t\t\t\t\t<span class=\"elementor-button-text\">  <\/span>\n\t\t\t\t\t<\/span>\n\t\t\t\t\t<\/a>\n\t\t\t\t<\/div>\n\t\t\t\t\t\t\t\t<\/div>\n\t\t\t\t<\/div>\n\t\t\t\t<\/div>\n\t\t<div class=\"elementor-element elementor-element-b828742 e-con-full e-flex e-con e-parent\" data-id=\"b828742\" data-element_type=\"container\">\n\t\t\t\t<div class=\"elementor-element elementor-element-4a8c57d elementor-headline--style-highlight elementor-widget elementor-widget-animated-headline\" data-id=\"4a8c57d\" data-element_type=\"widget\" data-settings=\"{&quot;highlighted_text&quot;:&quot;Destaques&quot;,&quot;headline_style&quot;:&quot;highlight&quot;,&quot;marker&quot;:&quot;circle&quot;,&quot;loop&quot;:&quot;yes&quot;,&quot;highlight_animation_duration&quot;:1200,&quot;highlight_iteration_delay&quot;:8000}\" data-widget_type=\"animated-headline.default\">\n\t\t\t\t<div class=\"elementor-widget-container\">\n\t\t\t\t\t\t\t<h3 class=\"elementor-headline\">\n\t\t\t\t\t<span class=\"elementor-headline-plain-text elementor-headline-text-wrapper\">Servi\u00e7os em <\/span>\n\t\t\t\t<span class=\"elementor-headline-dynamic-wrapper elementor-headline-text-wrapper\">\n\t\t\t\t\t<span class=\"elementor-headline-dynamic-text elementor-headline-text-active\">Destaques<\/span>\n\t\t\t\t<\/span>\n\t\t\t\t<\/h3>\n\t\t\t\t\t\t<\/div>\n\t\t\t\t<\/div>\n\t\t<div class=\"elementor-element elementor-element-9d9754d e-grid e-con-boxed e-con e-child\" data-id=\"9d9754d\" data-element_type=\"container\">\n\t\t\t\t\t<div class=\"e-con-inner\">\n\t\t\t\t<div class=\"elementor-element elementor-element-491d6c7 elementor-cta--skin-cover elementor-widget elementor-widget-call-to-action\" data-id=\"491d6c7\" data-element_type=\"widget\" data-widget_type=\"call-to-action.default\">\n\t\t\t\t<div class=\"elementor-widget-container\">\n\t\t\t\t\t\t\t<div class=\"elementor-cta\">\n\t\t\t\t\t<div class=\"elementor-cta__bg-wrapper\">\n\t\t\t\t<div class=\"elementor-cta__bg elementor-bg\" style=\"background-image: url();\" role=\"img\" aria-label=\"\"><\/div>\n\t\t\t\t<div class=\"elementor-cta__bg-overlay\"><\/div>\n\t\t\t<\/div>\n\t\t\t\t\t\t\t<div class=\"elementor-cta__content\">\n\t\t\t\t\t\t\t\t\t<div class=\"elementor-content-item elementor-cta__content-item elementor-icon-wrapper elementor-cta__icon elementor-view-framed elementor-shape-circle\">\n\t\t\t\t\t\t<div class=\"elementor-icon\">\n\t\t\t\t\t\t\t<svg xmlns=\"http:\/\/www.w3.org\/2000\/svg\" xmlns:xlink=\"http:\/\/www.w3.org\/1999\/xlink\" fill=\"#00A7E7\" height=\"800px\" width=\"800px\" id=\"Layer_1\" viewBox=\"0 0 472.615 472.615\" xml:space=\"preserve\"><g id=\"SVGRepo_bgCarrier\" stroke-width=\"0\"><\/g><g id=\"SVGRepo_tracerCarrier\" stroke-linecap=\"round\" stroke-linejoin=\"round\"><\/g><g id=\"SVGRepo_iconCarrier\"> <g> <g> <path d=\"M405.563,151.927c4.234-13.59,5.908-27.669,5.12-42.143C407.138,49.722,356.234,0.491,297.157,0h-0.886 c-47.754,0-90.289,30.622-107.028,75.126c-17.526-14.572-40.074-21.563-63.015-19.297c-32.788,3.248-61.243,26.19-72.665,58.485 c-5.12,14.375-6.4,29.145-3.742,44.012C19.692,173.194,0,204.602,0,239.064c0,46.481,32.614,81.07,78.769,85.387V187.044h315.077 V324.45c46.155-4.317,78.769-38.906,78.769-85.387C472.615,196.923,444.554,161.477,405.563,151.927z\"><\/path> <\/g> <\/g> <g> <g> <path d=\"M374.154,305.231v-98.462H98.462v98.462h49.231v19.692H98.462v98.462h44.308v29.538h-34.462v19.692h256v-19.692h-34.462 v-29.538h44.308v-98.462h-39.385v-19.692H374.154z M167.385,324.923v-19.692h147.692v19.692H167.385z M295.385,364.275v19.692 h-19.692v-19.692H295.385z M275.692,246.121h19.692v19.692h-19.692V246.121z M137.846,265.814v-19.692h78.769v19.692H137.846z M137.846,383.968v-19.692h78.769v19.692H137.846z M310.154,452.923H162.462v-29.538h147.692V452.923z M334.769,383.968h-19.692 v-19.692h19.692V383.968z M315.077,265.814v-19.692h19.692v19.692H315.077z\"><\/path> <\/g> <\/g> <\/g><\/svg>\t\t\t\t\t\t<\/div>\n\t\t\t\t\t<\/div>\n\t\t\t\t\n\t\t\t\t\t\t\t\t\t<h2 class=\"elementor-cta__title elementor-cta__content-item elementor-content-item\">\n\t\t\t\t\t\tServidores\t\t\t\t\t<\/h2>\n\t\t\t\t\n\t\t\t\t\t\t\t\t\t<div class=\"elementor-cta__description elementor-cta__content-item elementor-content-item\">\n\t\t\t\t\t\tImplanta\u00e7\u00e3o, gerenciamento e manuten\u00e7\u00e3o de servidores f\u00edsicos e virtuais com m\u00e1xima efici\u00eancia.\t\t\t\t\t<\/div>\n\t\t\t\t\n\t\t\t\t\t\t\t\t\t<div class=\"elementor-cta__button-wrapper elementor-cta__content-item elementor-content-item \">\n\t\t\t\t\t<a class=\"elementor-cta__button elementor-button elementor-size-\">\n\t\t\t\t\t\tSaiba Mais\t\t\t\t\t<\/a>\n\t\t\t\t\t<\/div>\n\t\t\t\t\t\t\t<\/div>\n\t\t\t\t\t\t<\/div>\n\t\t\t\t\t\t<\/div>\n\t\t\t\t<\/div>\n\t\t\t\t<div class=\"elementor-element elementor-element-3518df2 elementor-cta--skin-cover elementor-widget elementor-widget-call-to-action\" data-id=\"3518df2\" data-element_type=\"widget\" data-widget_type=\"call-to-action.default\">\n\t\t\t\t<div class=\"elementor-widget-container\">\n\t\t\t\t\t\t\t<div class=\"elementor-cta\">\n\t\t\t\t\t<div class=\"elementor-cta__bg-wrapper\">\n\t\t\t\t<div class=\"elementor-cta__bg elementor-bg\" style=\"background-image: url();\" role=\"img\" aria-label=\"\"><\/div>\n\t\t\t\t<div class=\"elementor-cta__bg-overlay\"><\/div>\n\t\t\t<\/div>\n\t\t\t\t\t\t\t<div class=\"elementor-cta__content\">\n\t\t\t\t\t\t\t\t\t<div class=\"elementor-content-item elementor-cta__content-item elementor-icon-wrapper elementor-cta__icon elementor-view-framed elementor-shape-circle\">\n\t\t\t\t\t\t<div class=\"elementor-icon\">\n\t\t\t\t\t\t\t<svg xmlns=\"http:\/\/www.w3.org\/2000\/svg\" xmlns:xlink=\"http:\/\/www.w3.org\/1999\/xlink\" fill=\"#00A7E7\" height=\"800px\" width=\"800px\" id=\"Layer_1\" viewBox=\"0 0 512 512\" xml:space=\"preserve\"><g id=\"SVGRepo_bgCarrier\" stroke-width=\"0\"><\/g><g id=\"SVGRepo_tracerCarrier\" stroke-linecap=\"round\" stroke-linejoin=\"round\"><\/g><g id=\"SVGRepo_iconCarrier\"> <g> <g> <path d=\"M186.487,376.174h-1.049v-69.244c0-8.836-7.164-16-16-16H33.049c-8.836,0-16,7.164-16,16v69.244H16 c-8.836,0-16,7.164-16,16v42.622c0,8.836,7.164,16,16,16h170.487c8.836,0,16-7.164,16-16v-42.622 C202.487,383.338,195.324,376.174,186.487,376.174z M153.439,376.174H49.049v-53.244h104.39V376.174z\"><\/path> <\/g> <\/g> <g> <g> <path d=\"M410.756,173.559H101.244c-8.836,0-16,7.164-16,16v69.372h32v-53.372h277.513v53.372h32v-69.372 C426.756,180.723,419.593,173.559,410.756,173.559z\"><\/path> <\/g> <\/g> <g> <g> <path d=\"M317.189,81.281c-17.841-13.134-39-20.077-61.191-20.077c-22.188,0.001-43.344,6.942-61.182,20.071 c-7.116,5.238-8.639,15.254-3.401,22.371c5.238,7.117,15.254,8.638,22.371,3.399c25.25-18.588,59.18-18.587,84.43,0.003 c2.857,2.103,6.179,3.117,9.474,3.117c4.912,0,9.76-2.255,12.897-6.514C325.827,96.535,324.305,86.519,317.189,81.281z\"><\/path> <\/g> <\/g> <g> <g> <path d=\"M286.62,122.871c-18.317-13.498-42.93-13.494-61.244,0.001c-7.114,5.243-8.631,15.259-3.39,22.373 c3.136,4.256,7.982,6.51,12.894,6.51c3.296,0,6.622-1.014,9.478-3.12c6.962-5.132,16.317-5.131,23.28-0.001 c7.115,5.242,17.132,3.725,22.372-3.391C295.252,138.129,293.734,128.112,286.62,122.871z\"><\/path> <\/g> <\/g> <g> <g> <path d=\"M496,376.174h-1.049v-69.244c0-8.836-7.164-16-16-16h-136.39c-8.836,0-16,7.164-16,16v69.244h-1.049 c-8.836,0-16,7.164-16,16v42.622c0,8.836,7.164,16,16,16H496c8.836,0,16-7.164,16-16v-42.622 C512,383.338,504.836,376.174,496,376.174z M462.95,376.174H358.561v-53.244H462.95V376.174z\"><\/path> <\/g> <\/g> <\/g><\/svg>\t\t\t\t\t\t<\/div>\n\t\t\t\t\t<\/div>\n\t\t\t\t\n\t\t\t\t\t\t\t\t\t<h2 class=\"elementor-cta__title elementor-cta__content-item elementor-content-item\">\n\t\t\t\t\t\tGerenciamento de Redes\t\t\t\t\t<\/h2>\n\t\t\t\t\n\t\t\t\t\t\t\t\t\t<div class=\"elementor-cta__description elementor-cta__content-item elementor-content-item\">\n\t\t\t\t\t\tMonitoramento e administra\u00e7\u00e3o completa da sua infraestrutura de rede para garantir desempenho, seguran\u00e7a e escalabilidade.\t\t\t\t\t<\/div>\n\t\t\t\t\n\t\t\t\t\t\t\t\t\t<div class=\"elementor-cta__button-wrapper elementor-cta__content-item elementor-content-item \">\n\t\t\t\t\t<a class=\"elementor-cta__button elementor-button elementor-size-\">\n\t\t\t\t\t\tSaiba Mais\t\t\t\t\t<\/a>\n\t\t\t\t\t<\/div>\n\t\t\t\t\t\t\t<\/div>\n\t\t\t\t\t\t<\/div>\n\t\t\t\t\t\t<\/div>\n\t\t\t\t<\/div>\n\t\t\t\t<div class=\"elementor-element elementor-element-cd462f9 elementor-cta--skin-cover elementor-widget elementor-widget-call-to-action\" data-id=\"cd462f9\" data-element_type=\"widget\" data-widget_type=\"call-to-action.default\">\n\t\t\t\t<div class=\"elementor-widget-container\">\n\t\t\t\t\t\t\t<div class=\"elementor-cta\">\n\t\t\t\t\t<div class=\"elementor-cta__bg-wrapper\">\n\t\t\t\t<div class=\"elementor-cta__bg elementor-bg\" style=\"background-image: url();\" role=\"img\" aria-label=\"\"><\/div>\n\t\t\t\t<div class=\"elementor-cta__bg-overlay\"><\/div>\n\t\t\t<\/div>\n\t\t\t\t\t\t\t<div class=\"elementor-cta__content\">\n\t\t\t\t\t\t\t\t\t<div class=\"elementor-content-item elementor-cta__content-item elementor-icon-wrapper elementor-cta__icon elementor-view-framed elementor-shape-circle\">\n\t\t\t\t\t\t<div class=\"elementor-icon\">\n\t\t\t\t\t\t\t<svg xmlns=\"http:\/\/www.w3.org\/2000\/svg\" xmlns:xlink=\"http:\/\/www.w3.org\/1999\/xlink\" fill=\"#00A7E7\" height=\"800px\" width=\"800px\" id=\"Layer_1\" viewBox=\"0 0 472.615 472.615\" xml:space=\"preserve\"><g id=\"SVGRepo_bgCarrier\" stroke-width=\"0\"><\/g><g id=\"SVGRepo_tracerCarrier\" stroke-linecap=\"round\" stroke-linejoin=\"round\"><\/g><g id=\"SVGRepo_iconCarrier\"> <g> <g> <path d=\"M405.563,163.023c4.234-13.686,5.908-27.865,5.12-42.437c-3.545-60.357-54.449-109.883-113.526-110.375h-0.886 c-47.754,0-90.289,30.818-107.028,75.52c-17.526-14.572-40.074-21.662-63.015-19.397c-32.788,3.249-61.341,26.388-72.665,58.88 c-5.12,14.474-6.4,29.342-3.742,44.308C19.692,184.389,0,215.897,0,250.556c0,50.018,37.317,86.351,88.615,86.351h15.026 c-4.384-19.386-5.925-38.672-5.093-56.714l0.664-14.307l13.807-3.779c66.385-18.173,100.126-39.855,111.558-48.327l11.731-8.702 l11.731,8.702c11.432,8.472,45.173,30.154,111.558,48.327l13.807,3.779l0.664,14.307c0.832,18.042-0.71,37.328-5.093,56.714 h53.722l2.56-1.772c32.492-21.957,47.36-59.274,47.36-84.578C472.615,208.316,444.554,172.672,405.563,163.023z\"><\/path> <\/g> <\/g> <g> <g> <path d=\"M302.893,316.715l0.001-0.003c-4.986-1.723-9.791-3.524-14.568-5.336c-19.077-7.237-36.543-15.124-52.018-23.626 c-19.414,10.654-41.788,20.385-66.702,29c5.538,29.914,21.981,67.202,66.702,91.442c44.596-24.202,61.048-61.519,66.605-91.471 C302.907,316.72,302.9,316.717,302.893,316.715z\"><\/path> <\/g> <\/g> <g> <g> <path d=\"M354.394,281.096c-68.452-18.74-104.318-41.288-118.087-51.499c-13.769,10.211-49.634,32.759-118.087,51.499 c-1.288,27.952,1.731,135.26,118.087,181.308C352.664,416.356,355.682,309.049,354.394,281.096z M323.692,311.327 c-3.933,30.02-19.943,85.106-82.962,116.769l-4.423,2.221l-4.413-2.221c-63.183-31.711-79.164-86.759-83.058-116.75l-1.057-8.077 l7.74-2.548c29.01-9.558,54.549-20.596,75.904-32.807l4.885-2.798l4.894,2.798c21.279,12.192,46.788,23.221,75.807,32.779 l7.74,2.557L323.692,311.327z\"><\/path> <\/g> <\/g> <\/g><\/svg>\t\t\t\t\t\t<\/div>\n\t\t\t\t\t<\/div>\n\t\t\t\t\n\t\t\t\t\t\t\t\t\t<h2 class=\"elementor-cta__title elementor-cta__content-item elementor-content-item\">\n\t\t\t\t\t\tSeguran\u00e7a da Informa\u00e7\u00e3o\t\t\t\t\t<\/h2>\n\t\t\t\t\n\t\t\t\t\t\t\t\t\t<div class=\"elementor-cta__description elementor-cta__content-item elementor-content-item\">\n\t\t\t\t\t\tMonitoramento e administra\u00e7\u00e3o completa da sua infraestrutura de rede para garantir desempenho, seguran\u00e7a e escalabilidade.\t\t\t\t\t<\/div>\n\t\t\t\t\n\t\t\t\t\t\t\t\t\t<div class=\"elementor-cta__button-wrapper elementor-cta__content-item elementor-content-item \">\n\t\t\t\t\t<a class=\"elementor-cta__button elementor-button elementor-size-\">\n\t\t\t\t\t\tSaiba Mais\t\t\t\t\t<\/a>\n\t\t\t\t\t<\/div>\n\t\t\t\t\t\t\t<\/div>\n\t\t\t\t\t\t<\/div>\n\t\t\t\t\t\t<\/div>\n\t\t\t\t<\/div>\n\t\t\t\t<div class=\"elementor-element elementor-element-3080efb elementor-cta--skin-cover elementor-widget elementor-widget-call-to-action\" data-id=\"3080efb\" data-element_type=\"widget\" data-widget_type=\"call-to-action.default\">\n\t\t\t\t<div class=\"elementor-widget-container\">\n\t\t\t\t\t\t\t<div class=\"elementor-cta\">\n\t\t\t\t\t<div class=\"elementor-cta__bg-wrapper\">\n\t\t\t\t<div class=\"elementor-cta__bg elementor-bg\" style=\"background-image: url();\" role=\"img\" aria-label=\"\"><\/div>\n\t\t\t\t<div class=\"elementor-cta__bg-overlay\"><\/div>\n\t\t\t<\/div>\n\t\t\t\t\t\t\t<div class=\"elementor-cta__content\">\n\t\t\t\t\t\t\t\t\t<div class=\"elementor-content-item elementor-cta__content-item elementor-icon-wrapper elementor-cta__icon elementor-view-framed elementor-shape-circle\">\n\t\t\t\t\t\t<div class=\"elementor-icon\">\n\t\t\t\t\t\t\t<svg xmlns=\"http:\/\/www.w3.org\/2000\/svg\" xmlns:xlink=\"http:\/\/www.w3.org\/1999\/xlink\" fill=\"#00A7E7\" height=\"800px\" width=\"800px\" id=\"Layer_1\" viewBox=\"0 0 472.615 472.615\" xml:space=\"preserve\"><g id=\"SVGRepo_bgCarrier\" stroke-width=\"0\"><\/g><g id=\"SVGRepo_tracerCarrier\" stroke-linecap=\"round\" stroke-linejoin=\"round\"><\/g><g id=\"SVGRepo_iconCarrier\"> <g> <g> <polygon points=\"277.713,334.792 277.713,216.63 198.938,216.63 198.938,334.792 144.88,334.792 238.326,428.139 331.773,334.792 \"><\/polygon> <\/g> <\/g> <g> <g> <path d=\"M336.794,364.3v68.928c0,10.856-8.837,19.693-19.693,19.693H159.552c-10.857,0-19.694-8.837-19.694-19.693V364.3h-19.693 v68.928c0,21.723,17.665,39.388,39.388,39.388h157.549c21.723,0,39.387-17.665,39.387-39.388V364.3H336.794z\"><\/path> <\/g> <\/g> <g> <g> <path d=\"M407.298,143.862c2.954-10.143,6.4-25.406,5.416-39.584C408.381,46.279,358.556,0.393,299.179,0h-0.885 c-47.659,0-90.198,29.047-106.937,71.291c-17.527-13.885-40.077-20.58-63.118-18.513c-32.692,3.053-61.15,24.913-72.671,55.634 c-4.628,12.604-3.938,30.625-3.052,41.161c-30.525,12.604-50.514,42.243-50.514,75.92c0,45.491,36.925,82.416,82.417,82.416 h94.825V196.933h118.162v110.976h89.902c45.984,0,83.304-37.319,83.304-83.205C470.613,185.612,444.125,152.723,407.298,143.862z\"><\/path> <\/g> <\/g> <\/g><\/svg>\t\t\t\t\t\t<\/div>\n\t\t\t\t\t<\/div>\n\t\t\t\t\n\t\t\t\t\t\t\t\t\t<h2 class=\"elementor-cta__title elementor-cta__content-item elementor-content-item\">\n\t\t\t\t\t\tBackup Local \/ Nuvem\t\t\t\t\t<\/h2>\n\t\t\t\t\n\t\t\t\t\t\t\t\t\t<div class=\"elementor-cta__description elementor-cta__content-item elementor-content-item\">\n\t\t\t\t\t\tMonitoramento e administra\u00e7\u00e3o completa da sua infraestrutura de rede para garantir desempenho, seguran\u00e7a e escalabilidade.\t\t\t\t\t<\/div>\n\t\t\t\t\n\t\t\t\t\t\t\t\t\t<div class=\"elementor-cta__button-wrapper elementor-cta__content-item elementor-content-item \">\n\t\t\t\t\t<a class=\"elementor-cta__button elementor-button elementor-size-\">\n\t\t\t\t\t\tSaiba Mais\t\t\t\t\t<\/a>\n\t\t\t\t\t<\/div>\n\t\t\t\t\t\t\t<\/div>\n\t\t\t\t\t\t<\/div>\n\t\t\t\t\t\t<\/div>\n\t\t\t\t<\/div>\n\t\t\t\t<div class=\"elementor-element elementor-element-8e7b5ed elementor-cta--skin-cover elementor-widget elementor-widget-call-to-action\" data-id=\"8e7b5ed\" data-element_type=\"widget\" data-widget_type=\"call-to-action.default\">\n\t\t\t\t<div class=\"elementor-widget-container\">\n\t\t\t\t\t\t\t<div class=\"elementor-cta\">\n\t\t\t\t\t<div class=\"elementor-cta__bg-wrapper\">\n\t\t\t\t<div class=\"elementor-cta__bg elementor-bg\" style=\"background-image: url();\" role=\"img\" aria-label=\"\"><\/div>\n\t\t\t\t<div class=\"elementor-cta__bg-overlay\"><\/div>\n\t\t\t<\/div>\n\t\t\t\t\t\t\t<div class=\"elementor-cta__content\">\n\t\t\t\t\t\t\t\t\t<div class=\"elementor-content-item elementor-cta__content-item elementor-icon-wrapper elementor-cta__icon elementor-view-framed elementor-shape-circle\">\n\t\t\t\t\t\t<div class=\"elementor-icon\">\n\t\t\t\t\t\t\t<svg xmlns=\"http:\/\/www.w3.org\/2000\/svg\" xmlns:xlink=\"http:\/\/www.w3.org\/1999\/xlink\" fill=\"#00A7E7\" id=\"Capa_1\" width=\"800px\" height=\"800px\" viewBox=\"0 0 422.491 422.491\" xml:space=\"preserve\"><g id=\"SVGRepo_bgCarrier\" stroke-width=\"0\"><\/g><g id=\"SVGRepo_tracerCarrier\" stroke-linecap=\"round\" stroke-linejoin=\"round\"><\/g><g id=\"SVGRepo_iconCarrier\"> <g> <g> <g> <path d=\"M338.594,289.207c-36.805,0-66.641,29.836-66.641,66.641c0,36.808,29.836,66.644,66.641,66.644 c36.807,0,66.643-29.836,66.643-66.644C405.235,319.043,375.399,289.207,338.594,289.207z M381.889,388.121l-10.424,10.423 c-0.855,0.858-2.252,0.858-3.108,0l-20.532-20.533l-0.779,0.777c-0.858,0.858-2.25,0.858-3.108,0l-4.979-4.979 c-0.856-0.857-0.856-2.251,0-3.109l5.104-5.104l-4.543-4.544l-11.429,11.432c2.123,6.051,0.771,13.062-4.059,17.892 c-3.271,3.27-7.615,5.059-12.24,5.04c-0.396-0.003-0.771-0.163-1.037-0.435c-0.135-0.137-0.246-0.298-0.321-0.48 c-0.228-0.551-0.101-1.187,0.321-1.606l4.799-4.802l-2.866-10.707l-10.706-2.868l-4.803,4.802 c-0.422,0.422-1.057,0.549-1.605,0.319c-0.551-0.227-0.912-0.764-0.914-1.357c-0.021-4.624,1.771-8.972,5.037-12.239 c4.832-4.829,11.842-6.183,17.895-4.058l11.429-11.431l-15.086-15.084l-10.685-6.877l-4.766-8.412l5.041-5.039l8.409,4.767 l6.879,10.684l15.084,15.084l10.229-10.229c-2.123-6.052-0.771-13.063,4.06-17.894c3.271-3.269,7.614-5.058,12.239-5.039 c0.597,0.004,1.132,0.362,1.359,0.914c0.227,0.554,0.1,1.188-0.322,1.607l-4.801,4.801l2.869,10.708l10.707,2.868l4.803-4.801 c0.42-0.423,1.055-0.55,1.604-0.321c0.551,0.228,0.91,0.763,0.914,1.357c0.021,4.625-1.771,8.972-5.036,12.24 c-4.832,4.829-11.843,6.184-17.896,4.06l-10.229,10.229l4.541,4.544l5.104-5.104c0.859-0.859,2.252-0.859,3.111,0l4.977,4.977 c0.859,0.859,0.859,2.253,0,3.111l-0.776,0.776l20.532,20.532C382.749,385.869,382.749,387.262,381.889,388.121z\"><\/path> <path d=\"M303.637,280.498l-40.977-16.338l-19.881-16.748c-5.25-4.438-13.004-4.109-17.873,0.731l-27.639,27.48l-27.717-27.492 c-4.873-4.832-12.617-5.145-17.863-0.722l-19.879,16.748l-84.894,33.854c-27.336,10.886-27.314,107.693-29.66,116.579h261.183 c-15.414-14.857-25.032-35.692-25.032-58.745C253.403,321.956,274.167,292.829,303.637,280.498z\"><\/path> <path d=\"M100.042,160.169l15.943-0.04c9.848,51.453,44.795,80.728,81.27,80.728c36.475,0,57.666-17.339,71.719-49.293 c-10.729,8.416-26.324,16.114-48.135,17.704c-2.004,2.985-5.41,4.951-9.277,4.951h-10.188c-6.168,0-11.166-4.999-11.166-11.167 s4.998-11.167,11.166-11.167h10.188c3.613,0,6.814,1.723,8.855,4.383c35.068-2.815,51.559-24.083,58.135-36.091l15.916-0.006 c9.746,0,17.646-7.903,17.646-17.646v-39.996c0-6.246-3.254-11.723-8.152-14.859C298.067,38.434,252.464,0,197.255,0 S96.444,38.434,90.55,87.668c-4.898,3.137-8.152,8.613-8.152,14.859v39.996C82.396,152.265,90.295,160.169,100.042,160.169z M197.254,19.999c43.453,0,79.592,28.656,86.254,66.041c-2.082,0.791-3.971,1.959-5.59,3.429 c-10.406-32.855-40.471-52.385-80.664-52.385c-40.193,0-70.275,19.519-80.695,52.357c-1.611-1.456-3.49-2.616-5.559-3.401 C117.663,48.655,153.801,19.999,197.254,19.999z\"><\/path> <\/g> <\/g> <\/g> <\/g><\/svg>\t\t\t\t\t\t<\/div>\n\t\t\t\t\t<\/div>\n\t\t\t\t\n\t\t\t\t\t\t\t\t\t<h2 class=\"elementor-cta__title elementor-cta__content-item elementor-content-item\">\n\t\t\t\t\t\tSuporte T\u00e9cnico\t\t\t\t\t<\/h2>\n\t\t\t\t\n\t\t\t\t\t\t\t\t\t<div class=\"elementor-cta__description elementor-cta__content-item elementor-content-item\">\n\t\t\t\t\t\tAtendimento remoto e presencial com agilidade. Mantemos sua opera\u00e7\u00e3o funcionando sem interrup\u00e7\u00f5es.\t\t\t\t\t<\/div>\n\t\t\t\t\n\t\t\t\t\t\t\t\t\t<div class=\"elementor-cta__button-wrapper elementor-cta__content-item elementor-content-item \">\n\t\t\t\t\t<a class=\"elementor-cta__button elementor-button elementor-size-\">\n\t\t\t\t\t\tSaiba Mais\t\t\t\t\t<\/a>\n\t\t\t\t\t<\/div>\n\t\t\t\t\t\t\t<\/div>\n\t\t\t\t\t\t<\/div>\n\t\t\t\t\t\t<\/div>\n\t\t\t\t<\/div>\n\t\t\t\t<div class=\"elementor-element elementor-element-132c46c elementor-cta--skin-cover elementor-widget elementor-widget-call-to-action\" data-id=\"132c46c\" data-element_type=\"widget\" data-widget_type=\"call-to-action.default\">\n\t\t\t\t<div class=\"elementor-widget-container\">\n\t\t\t\t\t\t\t<div class=\"elementor-cta\">\n\t\t\t\t\t<div class=\"elementor-cta__bg-wrapper\">\n\t\t\t\t<div class=\"elementor-cta__bg elementor-bg\" style=\"background-image: url();\" role=\"img\" aria-label=\"\"><\/div>\n\t\t\t\t<div class=\"elementor-cta__bg-overlay\"><\/div>\n\t\t\t<\/div>\n\t\t\t\t\t\t\t<div class=\"elementor-cta__content\">\n\t\t\t\t\t\t\t\t\t<div class=\"elementor-content-item elementor-cta__content-item elementor-icon-wrapper elementor-cta__icon elementor-view-framed elementor-shape-circle\">\n\t\t\t\t\t\t<div class=\"elementor-icon\">\n\t\t\t\t\t\t\t<svg xmlns=\"http:\/\/www.w3.org\/2000\/svg\" xmlns:xlink=\"http:\/\/www.w3.org\/1999\/xlink\" fill=\"#00A7E7\" height=\"800px\" width=\"800px\" id=\"Layer_1\" viewBox=\"0 0 472.615 472.615\" xml:space=\"preserve\"><g id=\"SVGRepo_bgCarrier\" stroke-width=\"0\"><\/g><g id=\"SVGRepo_tracerCarrier\" stroke-linecap=\"round\" stroke-linejoin=\"round\"><\/g><g id=\"SVGRepo_iconCarrier\"> <g> <g> <path d=\"M418.631,210.779c4.448-10.033,6.678-21.24,5.964-33.046c-2.25-37.175-34.417-67.189-72.152-67.487 c-35.135-0.277-64.539,23.971-71.745,56.404c-10.782-12.976-27.747-20.767-46.469-18.978c-20.314,1.94-37.829,15.96-44.764,34.902 c-4.079,11.139-3.83,21.685-1.152,31.235c-20.813,7.493-35.698,27.12-35.698,50.226c0,30.803,23.586,51.01,54.796,51.01h1.127 c6.239,13.899,24.027,18.524,32.105,18.524c16.555,0,25.413-2.769,41.863-18.524c0,0,11.488,18.462,39.387,18.462 c26.532,0,39.777-15.827,41.595-18.173c67.578,31.61,104.204-21.226,104.204-51.298 C467.692,236.221,446.16,213.377,418.631,210.779z\"><\/path> <\/g> <\/g> <g> <g> <path d=\"M142.769,130.822c-53.438,0-109.121-11.247-137.846-32.517v45.603c1.223,19.041,53.38,45.038,137.846,45.038 c8.689,0,16.945-0.336,24.93-0.851c0.722-4.132,1.785-8.238,3.276-12.303c9.644-26.346,33.741-45.086,61.38-47.73 c2.418-0.231,4.813-0.337,7.178-0.337c11.563,0,22.746,2.682,32.775,7.682c2.447-4.043,5.285-7.8,8.307-11.401V98.305 C251.89,119.575,196.207,130.822,142.769,130.822z\"><\/path> <\/g> <\/g> <g> <g> <path d=\"M159.123,208.26c-5.455,0.233-10.914,0.379-16.353,0.379c-53.438,0-109.121-11.247-137.846-32.516v45.594 c1.175,18.29,49.443,42.942,128.113,44.86c-0.028-0.851-0.113-1.683-0.113-2.543C132.923,242.211,142.871,221.923,159.123,208.26z \"><\/path> <\/g> <\/g> <g> <g> <path d=\"M142.769,0C64.197,0,4.923,28.063,4.923,65.379v0.712c1.223,19.041,53.38,45.038,137.846,45.038 s136.623-25.998,137.846-45.038v-0.712C280.615,28.063,221.342,0,142.769,0z\"><\/path> <\/g> <\/g> <g> <g> <path d=\"M180.874,423.385c-3.545-13.882-14.375-24.712-28.258-28.258v-31.188c28.224-0.886,53.712-5.29,74.291-12.61 c-10.045-2.58-21.139-7.916-29.181-17.104c-30.112-3.245-53.053-21.617-61.367-47.853C84.926,285.512,32.501,274.36,4.923,253.937 v44.895c0,35.734,54.401,62.998,128,65.254v31.041c-13.883,3.546-24.714,14.375-28.258,28.258H24.615v19.692h80.049 c4.332,16.937,19.791,29.539,38.105,29.539s33.772-12.601,38.105-29.539h80.049v-19.692H180.874z\"><\/path> <\/g> <\/g> <\/g><\/svg>\t\t\t\t\t\t<\/div>\n\t\t\t\t\t<\/div>\n\t\t\t\t\n\t\t\t\t\t\t\t\t\t<h2 class=\"elementor-cta__title elementor-cta__content-item elementor-content-item\">\n\t\t\t\t\t\tDisaster Recovery\t\t\t\t\t<\/h2>\n\t\t\t\t\n\t\t\t\t\t\t\t\t\t<div class=\"elementor-cta__description elementor-cta__content-item elementor-content-item\">\n\t\t\t\t\t\tMonitoramento e administra\u00e7\u00e3o completa da sua infraestrutura de rede para garantir desempenho, seguran\u00e7a e escalabilidade.\t\t\t\t\t<\/div>\n\t\t\t\t\n\t\t\t\t\t\t\t\t\t<div class=\"elementor-cta__button-wrapper elementor-cta__content-item elementor-content-item \">\n\t\t\t\t\t<a class=\"elementor-cta__button elementor-button elementor-size-\">\n\t\t\t\t\t\tSaiba Mais\t\t\t\t\t<\/a>\n\t\t\t\t\t<\/div>\n\t\t\t\t\t\t\t<\/div>\n\t\t\t\t\t\t<\/div>\n\t\t\t\t\t\t<\/div>\n\t\t\t\t<\/div>\n\t\t\t\t\t<\/div>\n\t\t\t\t<\/div>\n\t\t\t\t<\/div>\n\t\t<div class=\"elementor-element elementor-element-d152be8 e-flex e-con-boxed e-con e-parent\" data-id=\"d152be8\" data-element_type=\"container\">\n\t\t\t\t\t<div class=\"e-con-inner\">\n\t\t\t\t\t<\/div>\n\t\t\t\t<\/div>\n\t\t\t\t<\/div>\n\t\t","protected":false},"excerpt":{"rendered":"<p>Servi\u00e7os em Destaques Servidores Implanta\u00e7\u00e3o, gerenciamento e manuten\u00e7\u00e3o de servidores f\u00edsicos e virtuais com m\u00e1xima efici\u00eancia. Saiba Mais Gerenciamento de Redes Monitoramento e administra\u00e7\u00e3o completa da sua infraestrutura de rede para garantir desempenho, seguran\u00e7a e escalabilidade. Saiba Mais Seguran\u00e7a da Informa\u00e7\u00e3o Monitoramento e administra\u00e7\u00e3o completa da sua infraestrutura de rede para garantir desempenho, seguran\u00e7a e [&hellip;]<\/p>\n","protected":false},"author":1,"featured_media":0,"parent":0,"menu_order":0,"comment_status":"closed","ping_status":"closed","template":"elementor_header_footer","meta":{"footnotes":""},"class_list":["post-439","page","type-page","status-publish","hentry"],"_links":{"self":[{"href":"https:\/\/konntech.com.br\/index.php\/wp-json\/wp\/v2\/pages\/439","targetHints":{"allow":["GET"]}}],"collection":[{"href":"https:\/\/konntech.com.br\/index.php\/wp-json\/wp\/v2\/pages"}],"about":[{"href":"https:\/\/konntech.com.br\/index.php\/wp-json\/wp\/v2\/types\/page"}],"author":[{"embeddable":true,"href":"https:\/\/konntech.com.br\/index.php\/wp-json\/wp\/v2\/users\/1"}],"replies":[{"embeddable":true,"href":"https:\/\/konntech.com.br\/index.php\/wp-json\/wp\/v2\/comments?post=439"}],"version-history":[{"count":55,"href":"https:\/\/konntech.com.br\/index.php\/wp-json\/wp\/v2\/pages\/439\/revisions"}],"predecessor-version":[{"id":563,"href":"https:\/\/konntech.com.br\/index.php\/wp-json\/wp\/v2\/pages\/439\/revisions\/563"}],"wp:attachment":[{"href":"https:\/\/konntech.com.br\/index.php\/wp-json\/wp\/v2\/media?parent=439"}],"curies":[{"name":"wp","href":"https:\/\/api.w.org\/{rel}","templated":true}]}}